{"id":106,"date":"2024-05-03T17:28:55","date_gmt":"2024-05-03T15:28:55","guid":{"rendered":"https:\/\/dj-vantell.de\/?page_id=106"},"modified":"2024-05-06T17:54:40","modified_gmt":"2024-05-06T15:54:40","slug":"clubs-discotheken","status":"publish","type":"page","link":"https:\/\/dj-vantell.de\/de\/clubs-discotheken\/","title":{"rendered":"Clubs \/ Discotheken"},"content":{"rendered":"<p style=\"text-align: center;\"><div class=\"su-accordion su-u-trim\"><div class=\"su-spoiler su-spoiler-style-default su-spoiler-icon-plus\" data-scroll-offset=\"0\" data-anchor-in-url=\"no\"><div class=\"su-spoiler-title\" tabindex=\"0\" role=\"button\"><span class=\"su-spoiler-icon\"><\/span>Infos<\/div><div class=\"su-spoiler-content su-u-clearfix su-u-trim\">Willkommen in der pulsierenden Welt von DJ Van Tell! Nicht nur auf Geburtstagen und Hochzeiten, sondern auch in den angesagtesten Clubs und Diskotheken ist er der Garant f\u00fcr eine unvergessliche Party. Mit seinem einzigartigen Gesp\u00fcr f\u00fcr die Stimmung bringt er die Tanzfl\u00e4che zum Beben und verwandelt jede Veranstaltung in ein unvergleichliches Erlebnis.<\/p>\n<p style=\"text-align: center;\"><div class=\"su-image-carousel  su-image-carousel-has-spacing su-image-carousel-crop su-image-carousel-crop-4-3 su-image-carousel-has-lightbox su-image-carousel-has-outline su-image-carousel-adaptive su-image-carousel-slides-style-default su-image-carousel-controls-style-dark su-image-carousel-align-none\" style=\"\" data-flickity-options='{\"groupCells\":true,\"cellSelector\":\".su-image-carousel-item\",\"adaptiveHeight\":false,\"cellAlign\":\"left\",\"prevNextButtons\":false,\"pageDots\":false,\"autoPlay\":5000,\"imagesLoaded\":true,\"contain\":true,\"selectedAttraction\":0.025000000000000001,\"friction\":0.28000000000000003}' id=\"su_image_carousel_69fa067bc1095\"><div class=\"su-image-carousel-item\"><div class=\"su-image-carousel-item-content\"><a href=\"https:\/\/dj-vantell.de\/wp-content\/uploads\/2024\/05\/uzUdp_SDmUyo4O0qm2xyVA.webp\" target=\"_blank\" rel=\"noopener noreferrer\" data-caption=\"\"><img loading=\"lazy\" decoding=\"async\" width=\"880\" height=\"587\" src=\"https:\/\/dj-vantell.de\/wp-content\/uploads\/2024\/05\/uzUdp_SDmUyo4O0qm2xyVA-1024x683.webp\" class=\"\" alt=\"\" srcset=\"https:\/\/dj-vantell.de\/wp-content\/uploads\/2024\/05\/uzUdp_SDmUyo4O0qm2xyVA-1024x683.webp 1024w, https:\/\/dj-vantell.de\/wp-content\/uploads\/2024\/05\/uzUdp_SDmUyo4O0qm2xyVA-300x200.webp 300w, https:\/\/dj-vantell.de\/wp-content\/uploads\/2024\/05\/uzUdp_SDmUyo4O0qm2xyVA-768x512.webp 768w, https:\/\/dj-vantell.de\/wp-content\/uploads\/2024\/05\/uzUdp_SDmUyo4O0qm2xyVA-1536x1024.webp 1536w, https:\/\/dj-vantell.de\/wp-content\/uploads\/2024\/05\/uzUdp_SDmUyo4O0qm2xyVA-507x338.webp 507w, https:\/\/dj-vantell.de\/wp-content\/uploads\/2024\/05\/uzUdp_SDmUyo4O0qm2xyVA.webp 1920w\" sizes=\"auto, (max-width: 880px) 100vw, 880px\" \/><\/a><\/div><\/div><\/div><script id=\"su_image_carousel_69fa067bc1095_script\">if(window.SUImageCarousel){setTimeout(function() {window.SUImageCarousel.initGallery(document.getElementById(\"su_image_carousel_69fa067bc1095\"))}, 0);}var su_image_carousel_69fa067bc1095_script=document.getElementById(\"su_image_carousel_69fa067bc1095_script\");if(su_image_carousel_69fa067bc1095_script){su_image_carousel_69fa067bc1095_script.parentNode.removeChild(su_image_carousel_69fa067bc1095_script);}<\/script>\n<p style=\"text-align: center;\">Dank seiner langj\u00e4hrigen Erfahrung kann Video DJ Van Tell nicht nur die individuellen W\u00fcnsche der G\u00e4ste erf\u00fcllen, sondern auch das Event ganz nach den Vorstellungen des Veranstalters gestalten. Von speziellen Themenpartys bis hin zu glamour\u00f6sen Events &#8211; sein musikalisches Repertoire und sein unverkennbarer Stil machen jede Feier zu einem Highlight.<\/p>\n<p style=\"text-align: center;\"><div class=\"su-image-carousel  su-image-carousel-has-spacing su-image-carousel-crop su-image-carousel-crop-4-3 su-image-carousel-has-lightbox su-image-carousel-has-outline su-image-carousel-adaptive su-image-carousel-slides-style-default su-image-carousel-controls-style-dark su-image-carousel-align-none\" style=\"\" data-flickity-options='{\"groupCells\":true,\"cellSelector\":\".su-image-carousel-item\",\"adaptiveHeight\":false,\"cellAlign\":\"left\",\"prevNextButtons\":true,\"pageDots\":true,\"autoPlay\":5000,\"imagesLoaded\":true,\"contain\":true,\"selectedAttraction\":0.025000000000000001,\"friction\":0.28000000000000003}' id=\"su_image_carousel_69fa067bc1740\"><div class=\"su-image-carousel-item\"><div class=\"su-image-carousel-item-content\"><a href=\"https:\/\/dj-vantell.de\/wp-content\/uploads\/2024\/05\/unnamed01.jpg\" target=\"_blank\" rel=\"noopener noreferrer\" data-caption=\"\"><img loading=\"lazy\" decoding=\"async\" width=\"512\" height=\"340\" src=\"https:\/\/dj-vantell.de\/wp-content\/uploads\/2024\/05\/unnamed01.jpg\" class=\"\" alt=\"\" srcset=\"https:\/\/dj-vantell.de\/wp-content\/uploads\/2024\/05\/unnamed01.jpg 512w, https:\/\/dj-vantell.de\/wp-content\/uploads\/2024\/05\/unnamed01-300x199.jpg 300w, https:\/\/dj-vantell.de\/wp-content\/uploads\/2024\/05\/unnamed01-507x338.jpg 507w\" sizes=\"auto, (max-width: 512px) 100vw, 512px\" \/><\/a><\/div><\/div><div class=\"su-image-carousel-item\"><div class=\"su-image-carousel-item-content\"><a href=\"https:\/\/dj-vantell.de\/wp-content\/uploads\/2024\/05\/unnamed.jpg\" target=\"_blank\" rel=\"noopener noreferrer\" data-caption=\"\"><img loading=\"lazy\" decoding=\"async\" width=\"512\" height=\"341\" src=\"https:\/\/dj-vantell.de\/wp-content\/uploads\/2024\/05\/unnamed.jpg\" class=\"\" alt=\"\" srcset=\"https:\/\/dj-vantell.de\/wp-content\/uploads\/2024\/05\/unnamed.jpg 512w, https:\/\/dj-vantell.de\/wp-content\/uploads\/2024\/05\/unnamed-300x200.jpg 300w, https:\/\/dj-vantell.de\/wp-content\/uploads\/2024\/05\/unnamed-507x338.jpg 507w\" sizes=\"auto, (max-width: 512px) 100vw, 512px\" \/><\/a><\/div><\/div><div class=\"su-image-carousel-item\"><div class=\"su-image-carousel-item-content\"><a href=\"https:\/\/dj-vantell.de\/wp-content\/uploads\/2024\/05\/DJOGBDJVANTELL2.webp\" target=\"_blank\" rel=\"noopener noreferrer\" data-caption=\"\"><img loading=\"lazy\" decoding=\"async\" width=\"880\" height=\"660\" src=\"https:\/\/dj-vantell.de\/wp-content\/uploads\/2024\/05\/DJOGBDJVANTELL2.webp\" class=\"\" alt=\"\" srcset=\"https:\/\/dj-vantell.de\/wp-content\/uploads\/2024\/05\/DJOGBDJVANTELL2.webp 960w, https:\/\/dj-vantell.de\/wp-content\/uploads\/2024\/05\/DJOGBDJVANTELL2-300x225.webp 300w, https:\/\/dj-vantell.de\/wp-content\/uploads\/2024\/05\/DJOGBDJVANTELL2-768x576.webp 768w, https:\/\/dj-vantell.de\/wp-content\/uploads\/2024\/05\/DJOGBDJVANTELL2-440x330.webp 440w, https:\/\/dj-vantell.de\/wp-content\/uploads\/2024\/05\/DJOGBDJVANTELL2-920x690.webp 920w\" sizes=\"auto, (max-width: 880px) 100vw, 880px\" \/><\/a><\/div><\/div><\/div><script id=\"su_image_carousel_69fa067bc1740_script\">if(window.SUImageCarousel){setTimeout(function() {window.SUImageCarousel.initGallery(document.getElementById(\"su_image_carousel_69fa067bc1740\"))}, 0);}var su_image_carousel_69fa067bc1740_script=document.getElementById(\"su_image_carousel_69fa067bc1740_script\");if(su_image_carousel_69fa067bc1740_script){su_image_carousel_69fa067bc1740_script.parentNode.removeChild(su_image_carousel_69fa067bc1740_script);}<\/script>\n<p style=\"text-align: center;\">Mit seiner amerikanischen Herkunft bringt DJ Van Tell eine einzigartige Energie in jede Party-Nacht. Sein Mix aus Deutsch und Englisch verleiht seiner Moderation eine internationale Note und sorgt daf\u00fcr, dass das Partyleben hierzulande auf ein neues Level gehoben wird.<\/p>\n<p style=\"text-align: center;\">Als internationaler K\u00fcnstler bedient DJ Van Tell nahezu jeden Musikgeschmack und sorgt daf\u00fcr, dass die G\u00e4ste auf der Tanzfl\u00e4che voll und ganz auf ihre Kosten kommen. Von Hip-Hop \u00fcber House bis hin zu den neuesten Chart-Hits &#8211; seine Vielseitigkeit und sein Talent machen ihn zu einem gefragten Act auf der ganzen Welt.<\/div><\/div>\n<p style=\"text-align: center;\"><div class=\"su-spoiler su-spoiler-style-default su-spoiler-icon-plus su-spoiler-closed\" data-scroll-offset=\"0\" data-anchor-in-url=\"no\"><div class=\"su-spoiler-title\" tabindex=\"0\" role=\"button\"><span class=\"su-spoiler-icon\"><\/span>Kontakt<\/div><div class=\"su-spoiler-content su-u-clearfix su-u-trim\">\n<div class=\"wpcf7 no-js\" id=\"wpcf7-f154-o1\" lang=\"de-DE\" dir=\"ltr\" data-wpcf7-id=\"154\">\n<div class=\"screen-reader-response\"><p role=\"status\" aria-live=\"polite\" aria-atomic=\"true\"><\/p> <ul><\/ul><\/div>\n<form action=\"\/de\/wp-json\/wp\/v2\/pages\/106#wpcf7-f154-o1\" method=\"post\" class=\"wpcf7-form init\" aria-label=\"Kontaktformular\" novalidate=\"novalidate\" data-status=\"init\">\n<fieldset class=\"hidden-fields-container\"><input type=\"hidden\" name=\"_wpcf7\" value=\"154\" \/><input type=\"hidden\" name=\"_wpcf7_version\" value=\"6.1.5\" \/><input type=\"hidden\" name=\"_wpcf7_locale\" value=\"de_DE\" \/><input type=\"hidden\" name=\"_wpcf7_unit_tag\" value=\"wpcf7-f154-o1\" \/><input type=\"hidden\" name=\"_wpcf7_container_post\" value=\"0\" \/><input type=\"hidden\" name=\"_wpcf7_posted_data_hash\" value=\"\" \/><input type=\"hidden\" name=\"_wpcf7_recaptcha_response\" value=\"\" \/>\n<\/fieldset>\n<p><label> Dein Name<br \/>\n<span class=\"wpcf7-form-control-wrap\" data-name=\"your-name\"><input size=\"40\" maxlength=\"400\" class=\"wpcf7-form-control wpcf7-text wpcf7-validates-as-required\" autocomplete=\"name\" aria-required=\"true\" aria-invalid=\"false\" value=\"\" type=\"text\" name=\"your-name\" \/><\/span><br \/>\n<\/label>\n<\/p>\n<p><label> Deine E-Mail-Adresse<br \/>\n<span class=\"wpcf7-form-control-wrap\" data-name=\"your-email\"><input size=\"40\" maxlength=\"400\" class=\"wpcf7-form-control wpcf7-email wpcf7-validates-as-required wpcf7-text wpcf7-validates-as-email\" autocomplete=\"email\" aria-required=\"true\" aria-invalid=\"false\" value=\"\" type=\"email\" name=\"your-email\" \/><\/span><br \/>\n<\/label>\n<\/p>\n<p><label> Betreff<br \/>\n<span class=\"wpcf7-form-control-wrap\" data-name=\"art\"><select class=\"wpcf7-form-control wpcf7-select wpcf7-validates-as-required\" aria-required=\"true\" aria-invalid=\"false\" name=\"art\"><option value=\"\">&#8211; Bitte ausw\u00e4hlen &#8211;<\/option><option value=\"Hochzeit\">Hochzeit<\/option><option value=\"Geburtstag\">Geburtstag<\/option><option value=\"Disco\">Disco<\/option><option value=\"Club\">Club<\/option><option value=\"Privat Feier\">Privat Feier<\/option><option value=\"Firmen Event\">Firmen Event<\/option><\/select><\/span><br \/>\n<\/label>\n<\/p>\n<p><label> Licht und Ton<\/label><br \/>\n<span class=\"wpcf7-form-control-wrap\" data-name=\"system\"><span class=\"wpcf7-form-control wpcf7-checkbox wpcf7-validates-as-required\"><span class=\"wpcf7-list-item first\"><label><span class=\"wpcf7-list-item-label\">Musikanlage vorhanden<\/span><input type=\"checkbox\" name=\"system[]\" value=\"Musikanlage vorhanden\" \/><\/label><\/span><span class=\"wpcf7-list-item\"><label><span class=\"wpcf7-list-item-label\">Lichtanlage vorhanden<\/span><input type=\"checkbox\" name=\"system[]\" value=\"Lichtanlage vorhanden\" \/><\/label><\/span><span class=\"wpcf7-list-item last\"><label><span class=\"wpcf7-list-item-label\">Licht- und Tonanlage NICHT vorhanden<\/span><input type=\"checkbox\" name=\"system[]\" value=\"Licht- und Tonanlage NICHT vorhanden\" \/><\/label><\/span><\/span><\/span>\n<\/p>\n<p><label> Personenanzahl<br \/>\n<span class=\"wpcf7-form-control-wrap\" data-name=\"persona\"><input class=\"wpcf7-form-control wpcf7-number wpcf7-validates-as-required wpcf7-validates-as-number\" min=\"10\" max=\"5000\" aria-required=\"true\" aria-invalid=\"false\" placeholder=\"\" value=\"\" type=\"number\" name=\"persona\" \/><\/span><br \/>\n<\/label>\n<\/p>\n<p><label> Tag:<\/label><br \/>\n<span class=\"wpcf7-form-control-wrap\" data-name=\"datetime\"><input class=\"wpcf7-form-control wpcf7-date wpcf7-validates-as-required wpcf7-validates-as-date\" aria-required=\"true\" aria-invalid=\"false\" value=\"\" type=\"date\" name=\"datetime\" \/><\/span><br \/>\nab <span class=\"wpcf7-form-control-wrap\" data-name=\"time\"><select class=\"wpcf7-form-control wpcf7-select wpcf7-validates-as-required\" aria-required=\"true\" aria-invalid=\"false\" name=\"time\"><option value=\"\">&#8211; Bitte ausw\u00e4hlen &#8211;<\/option><option value=\"10:00\">10:00<\/option><option value=\"11:00\">11:00<\/option><option value=\"12:00\">12:00<\/option><option value=\"13:00\">13:00<\/option><option value=\"14:00\">14:00<\/option><option value=\"15:00\">15:00<\/option><option value=\"16:00\">16:00<\/option><option value=\"17:00\">17:00<\/option><option value=\"18:00\">18:00<\/option><option value=\"19:00\">19:00<\/option><option value=\"20:00\">20:00<\/option><option value=\"21:00\">21:00<\/option><option value=\"22:00\">22:00<\/option><\/select><\/span> Uhr\n<\/p>\n<p><label> Mindestdauer <\/label><br \/>\n<span class=\"wpcf7-form-control-wrap\" data-name=\"duraction\"><span class=\"wpcf7-form-control wpcf7-checkbox wpcf7-validates-as-required wpcf7-exclusive-checkbox\"><span class=\"wpcf7-list-item first\"><label><span class=\"wpcf7-list-item-label\">bis 5 Stunden<\/span><input type=\"checkbox\" name=\"duraction\" value=\"bis 5 Stunden\" \/><\/label><\/span><span class=\"wpcf7-list-item\"><label><span class=\"wpcf7-list-item-label\">bis 8 Stunden<\/span><input type=\"checkbox\" name=\"duraction\" value=\"bis 8 Stunden\" \/><\/label><\/span><span class=\"wpcf7-list-item last\"><label><span class=\"wpcf7-list-item-label\">bis 10 Stunden<\/span><input type=\"checkbox\" name=\"duraction\" value=\"bis 10 Stunden\" \/><\/label><\/span><\/span><\/span>\n<\/p>\n<p><label> Deine Nachricht<br \/>\n<span class=\"wpcf7-form-control-wrap\" data-name=\"your-message\"><textarea cols=\"40\" rows=\"10\" maxlength=\"2000\" class=\"wpcf7-form-control wpcf7-textarea wpcf7-validates-as-required\" aria-required=\"true\" aria-invalid=\"false\" name=\"your-message\"><\/textarea><\/span><br \/>\n<\/label>\n<\/p>\n\n<p><input class=\"wpcf7-form-control wpcf7-submit has-spinner\" type=\"submit\" value=\"Senden\" \/>\n<\/p><div class=\"wpcf7-response-output\" aria-hidden=\"true\"><\/div>\n<\/form>\n<\/div>\n<\/div><\/div><\/div>\n","protected":false},"excerpt":{"rendered":"","protected":false},"author":1,"featured_media":107,"parent":0,"menu_order":0,"comment_status":"closed","ping_status":"closed","template":"","meta":{"pgc_sgb_lightbox_settings":"","footnotes":""},"class_list":["post-106","page","type-page","status-publish","has-post-thumbnail","hentry"],"_links":{"self":[{"href":"https:\/\/dj-vantell.de\/de\/wp-json\/wp\/v2\/pages\/106","targetHints":{"allow":["GET"]}}],"collection":[{"href":"https:\/\/dj-vantell.de\/de\/wp-json\/wp\/v2\/pages"}],"about":[{"href":"https:\/\/dj-vantell.de\/de\/wp-json\/wp\/v2\/types\/page"}],"author":[{"embeddable":true,"href":"https:\/\/dj-vantell.de\/de\/wp-json\/wp\/v2\/users\/1"}],"replies":[{"embeddable":true,"href":"https:\/\/dj-vantell.de\/de\/wp-json\/wp\/v2\/comments?post=106"}],"version-history":[{"count":8,"href":"https:\/\/dj-vantell.de\/de\/wp-json\/wp\/v2\/pages\/106\/revisions"}],"predecessor-version":[{"id":177,"href":"https:\/\/dj-vantell.de\/de\/wp-json\/wp\/v2\/pages\/106\/revisions\/177"}],"wp:featuredmedia":[{"embeddable":true,"href":"https:\/\/dj-vantell.de\/de\/wp-json\/wp\/v2\/media\/107"}],"wp:attachment":[{"href":"https:\/\/dj-vantell.de\/de\/wp-json\/wp\/v2\/media?parent=106"}],"curies":[{"name":"wp","href":"https:\/\/api.w.org\/{rel}","templated":true}]}}