{"id":109,"date":"2024-05-03T17:29:30","date_gmt":"2024-05-03T15:29:30","guid":{"rendered":"https:\/\/dj-vantell.de\/?page_id=109"},"modified":"2024-05-06T17:55:41","modified_gmt":"2024-05-06T15:55:41","slug":"hochzeiten-geburstage","status":"publish","type":"page","link":"https:\/\/dj-vantell.de\/de\/hochzeiten-geburstage\/","title":{"rendered":"Hochzeiten \/ Geburstage"},"content":{"rendered":"<p style=\"text-align: center;\"><div class=\"su-accordion su-u-trim\"><div class=\"su-spoiler su-spoiler-style-default su-spoiler-icon-plus\" data-scroll-offset=\"0\" data-anchor-in-url=\"no\"><div class=\"su-spoiler-title\" tabindex=\"0\" role=\"button\"><span class=\"su-spoiler-icon\"><\/span>Infos<\/div><div class=\"su-spoiler-content su-u-clearfix su-u-trim\">Feiern Sie Ihren besonderen Tag mit DJ Van Tell und machen Sie ihn unvergesslich! Mit seiner einzigartigen Mischung aus Musik, Unterhaltung und professionellem Service verwandelt er Geburtstage und Hochzeiten in magische Ereignisse, die Sie und Ihre G\u00e4ste noch lange in Erinnerung behalten werden.<\/p>\n<p style=\"text-align: center;\">DJ Van Tell versteht es wie kein anderer, die Atmosph\u00e4re einer Feier zu gestalten und die Stimmung auf den H\u00f6hepunkt zu bringen. Egal ob Sie eine romantische Hochzeit oder eine lebhafte Geburtstagsfeier planen, er passt sein Programm ganz nach Ihren W\u00fcnschen und Vorstellungen an und sorgt daf\u00fcr, dass jeder Moment unvergesslich wird.<\/p>\n<p style=\"text-align: center;\">Seine amerikanische Herkunft verleiht seinen Auftritten eine ganz besondere Dynamik, die Ihre Veranstaltung zu etwas Besonderem macht. Mit seinem unverkennbaren Stil und seiner charmanten Moderation f\u00fchrt er Ihre G\u00e4ste durch den Abend und sorgt f\u00fcr beste Unterhaltung.<\/p>\n<p style=\"text-align: center;\">DJ Van Tell ist bekannt f\u00fcr seine Vielseitigkeit und sein breites Repertoire an Musikstilen. Von den Klassikern bis zu den aktuellen Chart-Hits &#8211; er hat f\u00fcr jeden Geschmack etwas dabei und l\u00e4sst Ihre G\u00e4ste auf der Tanzfl\u00e4che keine W\u00fcnsche offen.<\/div><\/div>\n<p style=\"text-align: center;\"><div class=\"su-spoiler su-spoiler-style-default su-spoiler-icon-plus su-spoiler-closed\" data-scroll-offset=\"0\" data-anchor-in-url=\"no\"><div class=\"su-spoiler-title\" tabindex=\"0\" role=\"button\"><span class=\"su-spoiler-icon\"><\/span>Kontakt<\/div><div class=\"su-spoiler-content su-u-clearfix su-u-trim\">\n<div class=\"wpcf7 no-js\" id=\"wpcf7-f154-o1\" lang=\"de-DE\" dir=\"ltr\" data-wpcf7-id=\"154\">\n<div class=\"screen-reader-response\"><p role=\"status\" aria-live=\"polite\" aria-atomic=\"true\"><\/p> <ul><\/ul><\/div>\n<form action=\"\/de\/wp-json\/wp\/v2\/pages\/109#wpcf7-f154-o1\" method=\"post\" class=\"wpcf7-form init\" aria-label=\"Kontaktformular\" novalidate=\"novalidate\" data-status=\"init\">\n<fieldset class=\"hidden-fields-container\"><input type=\"hidden\" name=\"_wpcf7\" value=\"154\" \/><input type=\"hidden\" name=\"_wpcf7_version\" value=\"6.1.5\" \/><input type=\"hidden\" name=\"_wpcf7_locale\" value=\"de_DE\" \/><input type=\"hidden\" name=\"_wpcf7_unit_tag\" value=\"wpcf7-f154-o1\" \/><input type=\"hidden\" name=\"_wpcf7_container_post\" value=\"0\" \/><input type=\"hidden\" name=\"_wpcf7_posted_data_hash\" value=\"\" \/><input type=\"hidden\" name=\"_wpcf7_recaptcha_response\" value=\"\" \/>\n<\/fieldset>\n<p><label> Dein Name<br \/>\n<span class=\"wpcf7-form-control-wrap\" data-name=\"your-name\"><input size=\"40\" maxlength=\"400\" class=\"wpcf7-form-control wpcf7-text wpcf7-validates-as-required\" autocomplete=\"name\" aria-required=\"true\" aria-invalid=\"false\" value=\"\" type=\"text\" name=\"your-name\" \/><\/span><br \/>\n<\/label>\n<\/p>\n<p><label> Deine E-Mail-Adresse<br \/>\n<span class=\"wpcf7-form-control-wrap\" data-name=\"your-email\"><input size=\"40\" maxlength=\"400\" class=\"wpcf7-form-control wpcf7-email wpcf7-validates-as-required wpcf7-text wpcf7-validates-as-email\" autocomplete=\"email\" aria-required=\"true\" aria-invalid=\"false\" value=\"\" type=\"email\" name=\"your-email\" \/><\/span><br \/>\n<\/label>\n<\/p>\n<p><label> Betreff<br \/>\n<span class=\"wpcf7-form-control-wrap\" data-name=\"art\"><select class=\"wpcf7-form-control wpcf7-select wpcf7-validates-as-required\" aria-required=\"true\" aria-invalid=\"false\" name=\"art\"><option value=\"\">&#8211; Bitte ausw\u00e4hlen &#8211;<\/option><option value=\"Hochzeit\">Hochzeit<\/option><option value=\"Geburtstag\">Geburtstag<\/option><option value=\"Disco\">Disco<\/option><option value=\"Club\">Club<\/option><option value=\"Privat Feier\">Privat Feier<\/option><option value=\"Firmen Event\">Firmen Event<\/option><\/select><\/span><br \/>\n<\/label>\n<\/p>\n<p><label> Licht und Ton<\/label><br \/>\n<span class=\"wpcf7-form-control-wrap\" data-name=\"system\"><span class=\"wpcf7-form-control wpcf7-checkbox wpcf7-validates-as-required\"><span class=\"wpcf7-list-item first\"><label><span class=\"wpcf7-list-item-label\">Musikanlage vorhanden<\/span><input type=\"checkbox\" name=\"system[]\" value=\"Musikanlage vorhanden\" \/><\/label><\/span><span class=\"wpcf7-list-item\"><label><span class=\"wpcf7-list-item-label\">Lichtanlage vorhanden<\/span><input type=\"checkbox\" name=\"system[]\" value=\"Lichtanlage vorhanden\" \/><\/label><\/span><span class=\"wpcf7-list-item last\"><label><span class=\"wpcf7-list-item-label\">Licht- und Tonanlage NICHT vorhanden<\/span><input type=\"checkbox\" name=\"system[]\" value=\"Licht- und Tonanlage NICHT vorhanden\" \/><\/label><\/span><\/span><\/span>\n<\/p>\n<p><label> Personenanzahl<br \/>\n<span class=\"wpcf7-form-control-wrap\" data-name=\"persona\"><input class=\"wpcf7-form-control wpcf7-number wpcf7-validates-as-required wpcf7-validates-as-number\" min=\"10\" max=\"5000\" aria-required=\"true\" aria-invalid=\"false\" placeholder=\"\" value=\"\" type=\"number\" name=\"persona\" \/><\/span><br \/>\n<\/label>\n<\/p>\n<p><label> Tag:<\/label><br \/>\n<span class=\"wpcf7-form-control-wrap\" data-name=\"datetime\"><input class=\"wpcf7-form-control wpcf7-date wpcf7-validates-as-required wpcf7-validates-as-date\" aria-required=\"true\" aria-invalid=\"false\" value=\"\" type=\"date\" name=\"datetime\" \/><\/span><br \/>\nab <span class=\"wpcf7-form-control-wrap\" data-name=\"time\"><select class=\"wpcf7-form-control wpcf7-select wpcf7-validates-as-required\" aria-required=\"true\" aria-invalid=\"false\" name=\"time\"><option value=\"\">&#8211; Bitte ausw\u00e4hlen &#8211;<\/option><option value=\"10:00\">10:00<\/option><option value=\"11:00\">11:00<\/option><option value=\"12:00\">12:00<\/option><option value=\"13:00\">13:00<\/option><option value=\"14:00\">14:00<\/option><option value=\"15:00\">15:00<\/option><option value=\"16:00\">16:00<\/option><option value=\"17:00\">17:00<\/option><option value=\"18:00\">18:00<\/option><option value=\"19:00\">19:00<\/option><option value=\"20:00\">20:00<\/option><option value=\"21:00\">21:00<\/option><option value=\"22:00\">22:00<\/option><\/select><\/span> Uhr\n<\/p>\n<p><label> Mindestdauer <\/label><br \/>\n<span class=\"wpcf7-form-control-wrap\" data-name=\"duraction\"><span class=\"wpcf7-form-control wpcf7-checkbox wpcf7-validates-as-required wpcf7-exclusive-checkbox\"><span class=\"wpcf7-list-item first\"><label><span class=\"wpcf7-list-item-label\">bis 5 Stunden<\/span><input type=\"checkbox\" name=\"duraction\" value=\"bis 5 Stunden\" \/><\/label><\/span><span class=\"wpcf7-list-item\"><label><span class=\"wpcf7-list-item-label\">bis 8 Stunden<\/span><input type=\"checkbox\" name=\"duraction\" value=\"bis 8 Stunden\" \/><\/label><\/span><span class=\"wpcf7-list-item last\"><label><span class=\"wpcf7-list-item-label\">bis 10 Stunden<\/span><input type=\"checkbox\" name=\"duraction\" value=\"bis 10 Stunden\" \/><\/label><\/span><\/span><\/span>\n<\/p>\n<p><label> Deine Nachricht<br \/>\n<span class=\"wpcf7-form-control-wrap\" data-name=\"your-message\"><textarea cols=\"40\" rows=\"10\" maxlength=\"2000\" class=\"wpcf7-form-control wpcf7-textarea wpcf7-validates-as-required\" aria-required=\"true\" aria-invalid=\"false\" name=\"your-message\"><\/textarea><\/span><br \/>\n<\/label>\n<\/p>\n\n<p><input class=\"wpcf7-form-control wpcf7-submit has-spinner\" type=\"submit\" value=\"Senden\" \/>\n<\/p><div class=\"wpcf7-response-output\" aria-hidden=\"true\"><\/div>\n<\/form>\n<\/div>\n<\/div><\/div><\/div>\n","protected":false},"excerpt":{"rendered":"","protected":false},"author":1,"featured_media":110,"parent":0,"menu_order":0,"comment_status":"closed","ping_status":"closed","template":"","meta":{"pgc_sgb_lightbox_settings":"","footnotes":""},"class_list":["post-109","page","type-page","status-publish","has-post-thumbnail","hentry"],"_links":{"self":[{"href":"https:\/\/dj-vantell.de\/de\/wp-json\/wp\/v2\/pages\/109","targetHints":{"allow":["GET"]}}],"collection":[{"href":"https:\/\/dj-vantell.de\/de\/wp-json\/wp\/v2\/pages"}],"about":[{"href":"https:\/\/dj-vantell.de\/de\/wp-json\/wp\/v2\/types\/page"}],"author":[{"embeddable":true,"href":"https:\/\/dj-vantell.de\/de\/wp-json\/wp\/v2\/users\/1"}],"replies":[{"embeddable":true,"href":"https:\/\/dj-vantell.de\/de\/wp-json\/wp\/v2\/comments?post=109"}],"version-history":[{"count":4,"href":"https:\/\/dj-vantell.de\/de\/wp-json\/wp\/v2\/pages\/109\/revisions"}],"predecessor-version":[{"id":179,"href":"https:\/\/dj-vantell.de\/de\/wp-json\/wp\/v2\/pages\/109\/revisions\/179"}],"wp:featuredmedia":[{"embeddable":true,"href":"https:\/\/dj-vantell.de\/de\/wp-json\/wp\/v2\/media\/110"}],"wp:attachment":[{"href":"https:\/\/dj-vantell.de\/de\/wp-json\/wp\/v2\/media?parent=109"}],"curies":[{"name":"wp","href":"https:\/\/api.w.org\/{rel}","templated":true}]}}