{"id":125,"date":"2024-05-03T17:36:36","date_gmt":"2024-05-03T15:36:36","guid":{"rendered":"https:\/\/dj-vantell.de\/?page_id=125"},"modified":"2024-05-03T17:36:36","modified_gmt":"2024-05-03T15:36:36","slug":"ueber-mich","status":"publish","type":"page","link":"https:\/\/dj-vantell.de\/de\/ueber-mich\/","title":{"rendered":"\u00dcber mich"},"content":{"rendered":"<p>DJ Van Tell ist wohl der erfahrenste und renommierteste Black Music DJ in Deutschland.<br \/>\nEr ist so etwas wie der Vater von allen, denn Van legt seit knapp 20 Jahren in Deutschland schwarze Scheiben auf und er besitzt vor allem in seiner Heimatstadt Berlin<br \/>\neinen echten Kultstatus.<\/p>\n<p>Mit seiner eigenen CD Mixreihe &#8222;Pure Flavor&#8220; kennt und sch\u00e4tzt man Van Tell bundesweit, er hat \u00fcberall Fans und Sympathisanten.<\/p>\n<p>Durch sein enormes Charisma und seine Mikrofonarbeit ist er ein unbeschreiblicher Entertainer und ein Garant fuer eine gelungene Black Music Veranstaltung.<\/p>\n<p>DJ Van Tell begann seine Karriere an den Turn-Tables bereits im Alter von 17 Jahren in Brooklyn, New York, wo er in einem Jugendzentrum seinen ersten Gig bekam. Kurze Zeit sp\u00e4ter legte er in einem Offiziers Club der U.S. Armee auf, und wurde vom Manhattaner Radiosender 92KTU als Radio DJ eingestellt.<\/p>\n<p>Die milit\u00e4rische Karriere seines Vaters brachte DJ Van Tell in 1989 <span class=\"details\"> schlie\u00dflich nach Berlin, wo sich seine Name in der Clubszene rapide verbreitete. Zun\u00e4chst bewies er sein K\u00f6nnen vorwiegend in Clubs der U.S.-Streitkr\u00e4fte wie z.B. im Silver Wings, Friendship, Checkpoint, und im Harnack House. Parallel dazu machte er sich auf den Weg Berliner Diskotheken wie das Chic, Silver Shadow, One Way und Afro Negro zu erobern.<\/span><\/p>\n<p>Sein unglaubliches Talent als auch seine Leidenschaft f\u00fcr den Beruf \u00f6ffneten ihm T\u00fcren zu Projekten au\u00dferhalb der Clubs, z.B. als DJ f\u00fcr Alba Berlin (Basketball Mannschaft), und als Gestalter von Wochenend- &#8222;Mixed Shows&#8220; f\u00fcr zwei bekannte Radiosender in Berlin. Nebenbei produzierte er insgesamt acht eigene CDs mit dem Namen &#8222;Pure Flavor&#8220;. Diese Promo-CDs steigerten seine Popularit\u00e4t, und machten ihn au\u00dferhalb Berlin, bzw. sogar au\u00dferhalb Deutschland recht gefragt. Zur Zeit arbeitet er im Studio der Fat Beats Productions mit bekannten K\u00fcnstlern wie Montell Jordan<br \/>\nan diversen Remix-Produktionen.<\/p>\n","protected":false},"excerpt":{"rendered":"<p>DJ Van Tell ist wohl der erfahrenste und renommierteste Black Music DJ in Deutschland. Er ist so etwas wie der<\/p>\n<p><a href=\"https:\/\/dj-vantell.de\/de\/ueber-mich\/\" class=\"more-link\">Continue reading<span class=\"screen-reader-text\">\u00dcber mich<\/span><\/a><\/p>\n","protected":false},"author":1,"featured_media":0,"parent":0,"menu_order":0,"comment_status":"closed","ping_status":"closed","template":"","meta":{"pgc_sgb_lightbox_settings":"","footnotes":""},"class_list":["post-125","page","type-page","status-publish","hentry"],"_links":{"self":[{"href":"https:\/\/dj-vantell.de\/de\/wp-json\/wp\/v2\/pages\/125","targetHints":{"allow":["GET"]}}],"collection":[{"href":"https:\/\/dj-vantell.de\/de\/wp-json\/wp\/v2\/pages"}],"about":[{"href":"https:\/\/dj-vantell.de\/de\/wp-json\/wp\/v2\/types\/page"}],"author":[{"embeddable":true,"href":"https:\/\/dj-vantell.de\/de\/wp-json\/wp\/v2\/users\/1"}],"replies":[{"embeddable":true,"href":"https:\/\/dj-vantell.de\/de\/wp-json\/wp\/v2\/comments?post=125"}],"version-history":[{"count":1,"href":"https:\/\/dj-vantell.de\/de\/wp-json\/wp\/v2\/pages\/125\/revisions"}],"predecessor-version":[{"id":126,"href":"https:\/\/dj-vantell.de\/de\/wp-json\/wp\/v2\/pages\/125\/revisions\/126"}],"wp:attachment":[{"href":"https:\/\/dj-vantell.de\/de\/wp-json\/wp\/v2\/media?parent=125"}],"curies":[{"name":"wp","href":"https:\/\/api.w.org\/{rel}","templated":true}]}}